{"id":28657,"date":"2016-10-19T18:47:45","date_gmt":"2016-10-19T16:47:45","guid":{"rendered":"http:\/\/www.prglas.com\/prpitch\/?page_id=28657"},"modified":"2019-07-01T06:30:11","modified_gmt":"2019-07-01T04:30:11","slug":"pr-pitch-konferencija","status":"publish","type":"page","link":"http:\/\/www.prglas.com\/prpitch-2017\/pr-pitch-konferencija\/","title":{"rendered":"PR PITCH KONFERENCIJA"},"content":{"rendered":"<p>&nbsp;<\/p>\n<h2 style=\"text-align: center;\"><\/h2>\n<h2 style=\"text-align: center;\"><\/h2>\n<h2 style=\"text-align: center;\">\u00a0<a href=\"http:\/\/www.prglas.com\/prpitch\/wp-content\/uploads\/2016\/03\/prpitch-bg-3.png\" rel=\"attachment wp-att-28784\"><br \/>\n<\/a><a href=\"http:\/\/www.prglas.com\/prpitch\/wp-content\/uploads\/2016\/10\/PRglas-organizira-prvu-konferenciju-o-PR-u-za-male-i-srednje-poduzetnike-\u2013-PR-Pitch-1-1.png\" rel=\"attachment wp-att-29449\"><img decoding=\"async\" loading=\"lazy\" class=\"aligncenter size-full wp-image-29449\" src=\"http:\/\/www.prglas.com\/prpitch\/wp-content\/uploads\/2016\/10\/PRglas-organizira-prvu-konferenciju-o-PR-u-za-male-i-srednje-poduzetnike-\u2013-PR-Pitch-1-1.png\" alt=\"PRglas organizira prvu konferenciju o PR-u za male i srednje poduzetnike \u2013 PR Pitch\" width=\"1239\" height=\"471\" \/><\/a><\/h2>\n<p><span style=\"color: #ffffff;\">.<\/span>NAJAVA ZA MEDIJE<\/p>\n<p>&nbsp;<\/p>\n<h4 style=\"text-align: center;\">1. \u00a0 \u00a0 konferencija o PR-u za male i srednje poduzetnike \u2013 PR Pitch, Zagreb, 4. svibnja 2017<\/h4>\n<p><span style=\"color: #000000;\">PRglas \u2013 prvi hrvatski portal posve\u0107en odnosima s javno\u0161\u0107u \u2013<\/span> <a href=\"http:\/\/www.prglas.com\/\">www.prglas.com<\/a> <span style=\"color: #000000;\">\u2013 organizira prvu konferenciju o PR-u za male i srednje poduzetnike \u2013 PR Pitch<\/span> <a href=\"http:\/\/www.prglas.com\/prpitch\">www.prglas.com\/prpitch<\/a> <span style=\"color: #000000;\">u kinu CineStar Zagreb (Branimir centar) \u2013 4. svibnja 2017., od 9 do 17 sati.<\/span><\/p>\n<p style=\"text-align: justify;\"><span style=\"color: #000000;\"><strong>Konferencija se odr\u017eava pod pokroviteljstvom<\/strong> HUOJ-a, Predsjednice Republike Hrvatske, Grada Zagreba, Hrvatske gospodarske komore, Hrvatske zajednice \u017eupanija, Razvojne agencije Zagreb -TPZ.<\/span><\/p>\n<p style=\"text-align: justify;\"><span style=\"color: #000000;\"><strong>Partneri konferencije su<\/strong> CineStar Zagreb, <a href=\"http:\/\/www.vox-communications.com\/\" target=\"_blank\" rel=\"noopener noreferrer\">VOX komunikacije<\/a> i IBS agencija za tr\u017ei\u0161no komuniciranje.<\/span><\/p>\n<p style=\"text-align: justify;\"><span style=\"color: #000000;\"><strong>Zlatni sponzor:<\/strong>\u00a0<a href=\"http:\/\/manjgura.hr\/\" target=\"_blank\" rel=\"noopener noreferrer\">Manjgura<\/a><\/span><\/p>\n<p style=\"text-align: justify;\"><span style=\"color: #000000;\"><strong>Prijatelji konferencije su:<\/strong> HUB385, Edward Bernays Visoka \u0161kola za komunikacijski menad\u017ement, Press clipping, U\u010dili\u0161te Profokus, SEEbiz, HRT, Privredni vjesnik, Jabuka TV, Brend kultura, Superbrands Hrvatska, \u010casopis Poduzetnik, ICT Business, Profitiraj, METRO, Netokracija, Media Marketing i dr.<\/span><\/p>\n<p style=\"text-align: justify;\"><span style=\"color: #000000;\"><strong>Cilj konferencije<\/strong> je edukacija malih i srednjih poduzetnika o iskoristivosti odnosa s javno\u0161\u0107u u poslovanju te odabiru odgovaraju\u0107e agencije ili stru\u010dnjaka za odnose s javno\u0161\u0107u, s ciljem \u0161to bolje promocije i prodaje usluga ili proizvoda na tr\u017ei\u0161tu.\u00a0Predava\u010di su ugledni hrvatski stru\u010dnjaci iz agencija za odnose s javno\u0161\u0107u, agencija za istra\u017eivanja tr\u017ei\u0161ta i predava\u010di.<\/span><\/p>\n<p style=\"text-align: justify;\"><span style=\"color: #000000;\"><strong>Kako rade PR profesionalci i \u0161to sve mogu u\u010diniti za svoje klijente<\/strong>, doznat \u0107ete na konferenciji PR Pitch, koja je idealna prilika za upoznavanje najuspje\u0161nijih i najkreativnijih agencija i PR-ovaca u Hrvatskoj i regiji.\u00a0Koliko je kreativnost va\u017ena u komunikaciji i poslovanju malih i srednjih poduze\u0107a, pokazat \u0107e se na reprezentativnim primjerima iz prakse na\u0161ih gostiju predava\u010da.<\/span><\/p>\n<p style=\"text-align: justify;\"><span style=\"color: #000000;\"><strong>Teme konferencije:<\/strong>\u00a0odnosi s medijima; kako zainteresirati medije za svoju pri\u010du?; uloga odnosa s javno\u0161\u0107u u promociji proizvoda i usluga; kako osmisliti PR plan?; dru\u0161tvene mre\u017ee u poslovanju malih i srednjih poduze\u0107a; va\u017enost istra\u017eivanja tr\u017ei\u0161ta za male poduzetnike; medijski nastup, komunikacijske vje\u0161tine i osobni PR; kako odabrati pravu agenciju\/savjetnika za odnose s javno\u0161\u0107u i dr.<\/span><\/p>\n<p style=\"text-align: justify;\"><span style=\"color: #000000;\"><strong>Predava\u010di<\/strong>: Kre\u0161imir Macan, Manjgura, Ankica Mami\u0107, IMC, Ana Tkalac Ver\u010di\u010d, EFZG, Bo\u017eo Skoko, FPZG, Vladimir Preselj, Millenium promocija, Igor \u0106utuk, HRT, Lana Hude\u010dek, Institut za hrvatski jezik i jezikoslovlje, Damir Jugo, Edwards Bernays, Ermina Duraj, voditeljica Kabineta \u017dupana \u2013 slu\u017ebe za odnose s javno\u0161\u0107u i protokol Primorsko-goranske \u017eupanije, Kamilo Antolovi\u0107, K&amp;K, Tihana Ela Kru\u017ei\u0107, Press clipping, Davor Runje, Drap, Marina Bolan\u010da, Abeceda komunikacije, Miroslav Varga, Escape &#8211; nositelj fran\u0161ize LSPR-a, Manuela \u0160ola, Komnikacijski laboratorij, Lea Brezar, Dhar media, Igor \u0160tefanac, IKEA, Kre\u0161imira Renduli\u0107, Prorsus komunikacije, Bo\u017eidar Babi\u0107, Poslovni portreti\u00a0i dr..<\/span><\/p>\n<p style=\"text-align: justify;\"><span style=\"color: #000000;\"><strong>Konferencija je namijenjena:<\/strong>\u00a0 vlasnicima, menad\u017eerima i djelatnicima malih i srednjih poduze\u0107a, obrtnicima, agencijama i stru\u010dnjacima za odnose s javno\u0161\u0107u te drugima zainteresiranima.<\/span><\/p>\n<p style=\"text-align: justify;\"><span style=\"color: #000000;\"><strong>Za\u0161to sudjelovati<\/strong>: nau\u010dite kako bolje ispri\u010dati va\u0161u PRi\u010du, kako predstaviti svoju uslugu ili proizvod, kako postati konkurentniji na tr\u017ei\u0161tu, kako iskoristiti odnose s javno\u0161\u0107u u svom poslovanju i kako prona\u0107i dobru agenciju i savjetnika za odnose s javno\u0161\u0107u te druge poslovne suradnike.<\/span><\/p>\n<p><span style=\"color: #ffffff;\">.<\/span><\/p>\n<blockquote>\n<p style=\"text-align: left;\"><span style=\"color: #000000;\">Ako ste se ikada zapitali:<\/span><\/p>\n<p style=\"text-align: left;\">\n<\/blockquote>\n<ul style=\"text-align: left;\">\n<li><span style=\"color: #000000;\"><strong>kako odnosi s javno\u0161\u0107u\u00a0mogu pridonijeti va\u0161em poslovanju?<\/strong><\/span><\/li>\n<li><span style=\"color: #000000;\"><strong>kako komunikacijom va\u0161ih proizvoda, pri\u010da ili usluga ostvariti poslovni rast na tr\u017ei\u0161tu?<\/strong><\/span><\/li>\n<li><span style=\"color: #000000;\"><strong>kako prona\u0107i dobru agenciju i savjetnika za odnose s javno\u0161\u0107u i druge poslovne suradnike?<\/strong><\/span><\/li>\n<li><span style=\"color: #000000;\"><strong>kako zainteresirati medije za malu pri\u010du \u2013 \u0161to novinari o\u010dekuju od vas?<\/strong><\/span><\/li>\n<\/ul>\n<h4 style=\"text-align: left;\"><span style=\"color: #000000;\">4. svibnja 2017. imat \u0107ete priliku vidjeti i nau\u010diti kako to rade PRofesionalci!<\/span><\/h4>\n<p>&nbsp;<\/p>\n<div class=\"gmail_default\"><strong><span style=\"color: #ffffff;\">.<\/span><\/strong><br \/>\n<strong><span style=\"color: #ffffff;\">.<\/span><\/strong><\/div>\n<h4 style=\"text-align: center;\"><span style=\"color: #000000;\">Prodaja ulaznica na<\/span> <a href=\"https:\/\/www.entrio.hr\/my_events\/tickets\/4033\" target=\"_blank\" rel=\"noopener noreferrer\">entrio.hr<br \/>\n<\/a><a href=\"https:\/\/www.entrio.hr\/my_events\/tickets\/4033\" target=\"_blank\" rel=\"attachment noopener wp-att-29492 noreferrer\"><img decoding=\"async\" loading=\"lazy\" class=\"aligncenter size-full wp-image-29492\" src=\"http:\/\/www.prglas.com\/prpitch\/wp-content\/uploads\/2016\/10\/KUPITE-KOTIZACIJE.png\" alt=\"KUPITE KOTIZACIJE\" width=\"172\" height=\"38\" \/><\/a><a href=\"http:\/\/www.entrio.hr\/\"><br \/>\n<\/a><\/h4>\n<p><span style=\"color: #ffffff;\">.<\/span><\/p>\n<h3><span style=\"color: #ffffff;\">\u00a0.<\/span><\/h3>\n<h3 style=\"text-align: center;\"><span style=\"color: #000000;\"><a href=\"http:\/\/www.prglas.com\/prpitch-2017\/press\/\" target=\"_blank\" rel=\"noopener noreferrer\">KLIKNI &#8211; KUTAK ZA PRESS<\/a><\/span><i><\/i><\/h3>\n","protected":false},"excerpt":{"rendered":"<p>&nbsp; \u00a0 .NAJAVA ZA MEDIJE &nbsp; 1. \u00a0 \u00a0 konferencija o PR-u za male i srednje poduzetnike \u2013 PR Pitch, Zagreb, 4. svibnja 2017 PRglas \u2013<span class=\"excerpt-hellip\"> [\u2026]<\/span><\/p>\n","protected":false},"author":2,"featured_media":29511,"parent":0,"menu_order":0,"comment_status":"closed","ping_status":"closed","template":"","meta":[],"_links":{"self":[{"href":"http:\/\/www.prglas.com\/prpitch-2017\/wp-json\/wp\/v2\/pages\/28657"}],"collection":[{"href":"http:\/\/www.prglas.com\/prpitch-2017\/wp-json\/wp\/v2\/pages"}],"about":[{"href":"http:\/\/www.prglas.com\/prpitch-2017\/wp-json\/wp\/v2\/types\/page"}],"author":[{"embeddable":true,"href":"http:\/\/www.prglas.com\/prpitch-2017\/wp-json\/wp\/v2\/users\/2"}],"replies":[{"embeddable":true,"href":"http:\/\/www.prglas.com\/prpitch-2017\/wp-json\/wp\/v2\/comments?post=28657"}],"version-history":[{"count":125,"href":"http:\/\/www.prglas.com\/prpitch-2017\/wp-json\/wp\/v2\/pages\/28657\/revisions"}],"predecessor-version":[{"id":29810,"href":"http:\/\/www.prglas.com\/prpitch-2017\/wp-json\/wp\/v2\/pages\/28657\/revisions\/29810"}],"wp:featuredmedia":[{"embeddable":true,"href":"http:\/\/www.prglas.com\/prpitch-2017\/wp-json\/wp\/v2\/media\/29511"}],"wp:attachment":[{"href":"http:\/\/www.prglas.com\/prpitch-2017\/wp-json\/wp\/v2\/media?parent=28657"}],"curies":[{"name":"wp","href":"https:\/\/api.w.org\/{rel}","templated":true}]}}