{"id":29884,"date":"2019-07-03T19:58:09","date_gmt":"2019-07-03T17:58:09","guid":{"rendered":"http:\/\/www.prglas.com\/prpitch-2017\/?page_id=29884"},"modified":"2019-07-15T08:47:49","modified_gmt":"2019-07-15T06:47:49","slug":"press","status":"publish","type":"page","link":"http:\/\/www.prglas.com\/prpitch-2017\/press\/","title":{"rendered":"PRESS"},"content":{"rendered":"<h3 style=\"text-align: center;\"><\/h3>\n<div class=\"gmail_default\" style=\"text-align: center;\"><img decoding=\"async\" loading=\"lazy\" class=\"alignnone wp-image-29829\" src=\"http:\/\/www.prglas.com\/prpitch-2017\/wp-content\/uploads\/2019\/07\/kutak-za-press-prpitch-2017.png\" alt=\"\" width=\"456\" height=\"134\" \/><\/div>\n<h4><a href=\"http:\/\/www.prglas.com\/prpitch-2017\/pr-pitch-konferencija\/prglas-organizira-prvu-konferenciju-o-pr-u-za-male-i-srednje-poduzetnike-pr-pitch-2\/\" rel=\"attachment wp-att-29449\"><img decoding=\"async\" loading=\"lazy\" class=\"aligncenter size-full wp-image-29449\" src=\"http:\/\/www.prglas.com\/prpitch-2017\/wp-content\/uploads\/2016\/10\/PRglas-organizira-prvu-konferenciju-o-PR-u-za-male-i-srednje-poduzetnike-\u2013-PR-Pitch-1-1.png\" alt=\"\" width=\"1239\" height=\"471\" \/><\/a><\/h4>\n<h4 style=\"text-align: center;\"><span style=\"color: #333333;\">PR Pitch konferencija:\u00a0<span style=\"color: #ff6600;\"><a style=\"color: #ff6600;\" href=\"http:\/\/www.prglas.com\/prpitch\/\" target=\"_blank\" rel=\"noopener noreferrer\" data-saferedirecturl=\"https:\/\/www.google.com\/url?hl=hr&amp;q=http:\/\/www.prglas.com\/prpitch\/&amp;source=gmail&amp;ust=1492094892048000&amp;usg=AFQjCNGg81ff54XiCzlr1lp0-8BPtFshSw\">http:\/\/www.<wbr \/>prglas.com\/prpitch-2017\/<\/a><\/span><\/span><\/h4>\n<h4 style=\"text-align: center;\"><span style=\"color: #333333;\">Event facebook:\u00a0<span style=\"color: #ff6600;\"><a style=\"color: #ff6600;\" href=\"https:\/\/www.facebook.com\/events\/407029716331973\/\" target=\"_blank\" rel=\"noopener noreferrer\" data-saferedirecturl=\"https:\/\/www.google.com\/url?hl=hr&amp;q=https:\/\/www.facebook.com\/events\/407029716331973\/&amp;source=gmail&amp;ust=1492094892048000&amp;usg=AFQjCNGUHYTxIcRcazEe1U7V7IjeSkIrRA\">https:\/\/www.<wbr \/>facebook.com\/events\/<wbr \/>407029716331973\/<\/a><\/span><\/span><\/h4>\n<h4 style=\"text-align: center;\"><span style=\"color: #333333;\">Ulaznice:\u00a0<span style=\"color: #ff6600;\"><a style=\"color: #ff6600;\" href=\"https:\/\/www.entrio.hr\/event\/konferencija-pr-pitch-4033\" target=\"_blank\" rel=\"noopener noreferrer\" data-saferedirecturl=\"https:\/\/www.google.com\/url?hl=hr&amp;q=https:\/\/www.entrio.hr\/event\/konferencija-pr-pitch-4033&amp;source=gmail&amp;ust=1492094892048000&amp;usg=AFQjCNERGFscHkkfs8dw5n5meq2cQyK9WQ\">https:\/\/www.entrio.hr\/event\/konferencija-pr-pitch-4033<\/a><\/span><\/span><\/h4>\n<h4 style=\"text-align: center;\"><span style=\"color: #333333;\">Objava za medije:\u00a0<span style=\"color: #ff6600;\"><a style=\"color: #ff6600;\" href=\"http:\/\/www.prglas.com\/prpitch\/wp-content\/uploads\/2016\/10\/Poziv-na-1.-konferenciju-PR-Pitch-1.doc\" target=\"_blank\" rel=\"noopener noreferrer\">Poziv na 1. konferenciju PR Pitch<\/a><\/span><\/span><\/h4>\n<h4 style=\"text-align: center;\"><span style=\"color: #ff6600;\"><a style=\"color: #ff6600;\" href=\"http:\/\/www.prglas.com\/prpitch\/wp-content\/uploads\/2017\/03\/prpitch-logo-grey.png\" target=\"_blank\" rel=\"noopener noreferrer\">LOGO<\/a> \/ <a style=\"color: #ff6600;\" href=\"http:\/\/www.prglas.com\/prpitch\/wp-content\/uploads\/2016\/10\/PRglas-organizira-prvu-konferenciju-o-PR-u-za-male-i-srednje-poduzetnike-\u2013-PR-Pitch-1-1.png\" target=\"_blank\" rel=\"noopener noreferrer\">FB COVER<\/a><\/span><\/h4>\n<p><a href=\"http:\/\/www.prglas.com\/prpitch-2017\/wp-content\/uploads\/2019\/06\/Pismo-potpore-PR-pitch-konferencija-Predsjednica-Republike-Hrvatske-Morena-Begi\u0107-PRglas.png\" target=\"_blank\" rel=\"attachment noopener wp-att-29749 noreferrer\"><img decoding=\"async\" loading=\"lazy\" class=\"aligncenter size-full wp-image-29749\" src=\"http:\/\/www.prglas.com\/prpitch-2017\/wp-content\/uploads\/2019\/06\/Pismo-potpore-PR-pitch-konferencija-Predsjednica-Republike-Hrvatske-Morena-Begi\u0107-PRglas.png\" alt=\"\" width=\"488\" height=\"570\" \/><\/a><\/p>\n<p>&nbsp;<\/p>\n<h4 style=\"text-align: center;\"><span style=\"color: #000000;\">Odnosi s javno\u0161\u0107u<\/span><\/h4>\n<p style=\"text-align: center;\"><strong><br \/>\n<span style=\"color: #000000;\">Morena Begi\u0107<\/span><br \/>\n<\/strong><span style=\"color: #000000;\"><i>T:\u00a0<\/i><em>+385 91 5121 692<br \/>\n<\/em><\/span><br \/>\n<span style=\"color: #000000;\"><strong> Boris Hajo\u0161<br \/>\n<\/strong><i>T:\u00a0<\/i><em>+385 98 475 565<\/em><\/span><\/p>\n<p style=\"text-align: center;\"><i><br \/>\nE:\u00a0<a href=\"mailto:info@prglas.com\" target=\"_blank\" rel=\"noopener noreferrer\">info@prglas.com<\/a>;<br \/>\n<\/i><i>W:\u00a0<a href=\"http:\/\/www.prglas.com\/\" target=\"_blank\" rel=\"noopener noreferrer\" data-saferedirecturl=\"https:\/\/www.google.com\/url?hl=hr&amp;q=http:\/\/www.prglas.com\/&amp;source=gmail&amp;ust=1488691402854000&amp;usg=AFQjCNGIadds00tpBJOP4RLqV5N63xozhw\">www.prglas.com<br \/>\n<\/a><a href=\"http:\/\/www.prglas.com\/prpitch\/wp-content\/uploads\/2017\/03\/prglas-logo-vert-350px.png\" target=\"_blank\" rel=\"attachment noopener wp-att-28864 noreferrer\"><img decoding=\"async\" loading=\"lazy\" class=\"wp-image-28864 aligncenter\" src=\"http:\/\/www.prglas.com\/prpitch\/wp-content\/uploads\/2017\/02\/prglas-logo-vert-350px-300x108.png\" alt=\"prglas-logo-vert-350px-300x108\" width=\"142\" height=\"51\" \/><\/a><\/i><\/p>\n<p>&nbsp;<\/p>\n<p>&nbsp;<\/p>\n","protected":false},"excerpt":{"rendered":"<p>PR Pitch konferencija:\u00a0http:\/\/www.prglas.com\/prpitch-2017\/ Event facebook:\u00a0https:\/\/www.facebook.com\/events\/407029716331973\/ Ulaznice:\u00a0https:\/\/www.entrio.hr\/event\/konferencija-pr-pitch-4033 Objava za medije:\u00a0Poziv na 1. konferenciju PR Pitch LOGO \/ FB COVER &nbsp; Odnosi s javno\u0161\u0107u Morena Begi\u0107 T:\u00a0+385 91<span class=\"excerpt-hellip\"> [\u2026]<\/span><\/p>\n","protected":false},"author":2,"featured_media":0,"parent":0,"menu_order":0,"comment_status":"closed","ping_status":"closed","template":"","meta":[],"_links":{"self":[{"href":"http:\/\/www.prglas.com\/prpitch-2017\/wp-json\/wp\/v2\/pages\/29884"}],"collection":[{"href":"http:\/\/www.prglas.com\/prpitch-2017\/wp-json\/wp\/v2\/pages"}],"about":[{"href":"http:\/\/www.prglas.com\/prpitch-2017\/wp-json\/wp\/v2\/types\/page"}],"author":[{"embeddable":true,"href":"http:\/\/www.prglas.com\/prpitch-2017\/wp-json\/wp\/v2\/users\/2"}],"replies":[{"embeddable":true,"href":"http:\/\/www.prglas.com\/prpitch-2017\/wp-json\/wp\/v2\/comments?post=29884"}],"version-history":[{"count":2,"href":"http:\/\/www.prglas.com\/prpitch-2017\/wp-json\/wp\/v2\/pages\/29884\/revisions"}],"predecessor-version":[{"id":29934,"href":"http:\/\/www.prglas.com\/prpitch-2017\/wp-json\/wp\/v2\/pages\/29884\/revisions\/29934"}],"wp:attachment":[{"href":"http:\/\/www.prglas.com\/prpitch-2017\/wp-json\/wp\/v2\/media?parent=29884"}],"curies":[{"name":"wp","href":"https:\/\/api.w.org\/{rel}","templated":true}]}}